{"id":25,"date":"2024-07-12T14:58:42","date_gmt":"2024-07-12T13:58:42","guid":{"rendered":"https:\/\/portugalrental.eu\/?page_id=25"},"modified":"2025-06-16T15:04:16","modified_gmt":"2025-06-16T14:04:16","slug":"accueil","status":"publish","type":"page","link":"https:\/\/portugalrental.eu\/en\/","title":{"rendered":"Home"},"content":{"rendered":"<div class=\"et_pb_section_0 et_pb_section et_section_regular et_flex_section\">\n<div class=\"et_pb_row_0 et_pb_row et_flex_row preset--module--divi-row--5138c454-be54-4233-bd3b-f8e6a8747976\">\n<div class=\"et_pb_column_0 et_pb_column et-last-child et_flex_column et_pb_css_mix_blend_mode_passthrough et_flex_column_24_24 et_flex_column_24_24_tablet et_flex_column_24_24_phone preset--module--divi-column--73121f80-a3ef-4484-8763-c3f18e3c56d2\">\n<div class=\"et_pb_heading_0 et_pb_heading et_pb_module et_flex_module preset--module--divi-heading--ddeb8c09-9078-4424-bc15-2efb6572e28e\"><div class=\"et_pb_heading_container\"><h1 class=\"et_pb_module_header\">D\u00e9couvrez Votre Havre de Paix \u00e0 Serra d'El Rei<\/h1><\/div><\/div>\n\n<div class=\"et_pb_text_0 et_pb_text et_pb_bg_layout_light et_pb_module et_flex_module preset--module--divi-text--0504de1e-f5ff-4281-ba60-cbbe4edf98bc\"><div class=\"et_pb_text_inner\"><p>Profitez d'un s\u00e9jour inoubliable dans notre charmante maison au c\u0153ur de Serra d'El Rei. Id\u00e9alement situ\u00e9e \u00e0 proximit\u00e9 des commerces et animations, notre maison offre un \u00e9quipement complet, un patio ext\u00e9rieur avec BBQ, et une connexion fibre pour un confort optimal. \u00c0 seulement 10 minutes des plages et spots de surf de Baleal et P\u00e9niche, et \u00e0 50 minutes de l'a\u00e9roport de Lisbonne, c'est l'endroit parfait pour se ressourcer.<\/p>\n<\/div><\/div>\n\n<div class=\"et_pb_module et_pb_button_module_wrapper et_pb_button_0_wrapper preset--module--divi-button--ab15fb74-61a3-43aa-96b3-41e09aeef654_wrapper\"><a class=\"et_pb_button_0 et_pb_button et_pb_bg_layout_light et_pb_module et_flex_module preset--module--divi-button--ab15fb74-61a3-43aa-96b3-41e09aeef654\" href=\"\">Book Now<\/a><\/div>\n<\/div>\n<\/div>\n<\/div>\n\n<div class=\"et_pb_section_1 et_pb_section et_section_regular et_flex_section\">\n<div class=\"et_pb_row_1 et_pb_row et_flex_row preset--module--divi-row--5138c454-be54-4233-bd3b-f8e6a8747976\">\n<div class=\"et_pb_column_1 et_pb_column et-last-child et_flex_column et_pb_css_mix_blend_mode_passthrough et_flex_column_24_24 et_flex_column_24_24_tablet et_flex_column_24_24_phone preset--module--divi-column--73121f80-a3ef-4484-8763-c3f18e3c56d2\">\n<div class=\"et_pb_heading_1 et_pb_heading et_pb_module et_flex_module preset--module--divi-heading--default\"><div class=\"et_pb_heading_container\"><h2 class=\"et_pb_module_header\">A Comfortable and Enjoyable Stay<\/h2><\/div><\/div>\n<\/div>\n<\/div>\n\n<div class=\"et_pb_row_2 et_pb_row et_flex_row preset--module--divi-row--5138c454-be54-4233-bd3b-f8e6a8747976\">\n<div class=\"et_pb_column_2 et_pb_column et_flex_column et_pb_css_mix_blend_mode_passthrough et_flex_column_24_24 et_flex_column_24_24_tablet et_flex_column_24_24_phone preset--module--divi-column--73121f80-a3ef-4484-8763-c3f18e3c56d2\">\n<div class=\"et_pb_text_1 et_pb_text et_pb_bg_layout_light et_pb_module et_flex_module preset--module--divi-text--default\"><div class=\"et_pb_text_inner\"><p><strong>Escape to our charming home in Serra d\u2019El Rei, where comfort meets discovery!<\/strong><br \/>Enjoy a unique experience in a perfectly located home, just steps away from local shops and activities. Take advantage of modern amenities, a welcoming outdoor patio, and fast internet access to stay connected with ease.<\/p>\n<p>Just 10 minutes from the beaches and surf spots of Baleal and Peniche\u2014including the famous Supertubos\u2014and less than an hour from Lisbon Airport, this is the perfect starting point for both adventure and relaxation. Let yourself be charmed by a stay that combines comfort, escape, and close proximity to the region\u2019s must-see attractions! <strong>supertubos<\/strong> et \u00e0 moins d\u2019une heure de l\u2019a\u00e9roport de Lisbonne, c\u2019est le point de d\u00e9part id\u00e9al pour des aventures ou des moments de d\u00e9tente. Laissez-vous s\u00e9duire par un s\u00e9jour qui allie confort, \u00e9vasion et proximit\u00e9 avec les incontournables de la r\u00e9gion !<\/p>\n<\/div><\/div>\n<\/div>\n\n<div class=\"et_pb_column_3 et_pb_column et-last-child et_flex_column et_pb_css_mix_blend_mode_passthrough et_flex_column_24_24 et_flex_column_24_24_tablet et_flex_column_24_24_phone preset--module--divi-column--73121f80-a3ef-4484-8763-c3f18e3c56d2\">\n<div class=\"et_pb_image_0 et_pb_image et_pb_module et_flex_module preset--module--divi-image--6ed8fd5c-62c5-4100-98c3-7b8b6d2c2ee6\"><span class=\"et_pb_image_wrap\"><img loading=\"lazy\" decoding=\"async\" src=\"https:\/\/portugalrental.eu\/wp-content\/uploads\/2024\/12\/salon.jpeg\" title=\"salon\" width=\"1000\" height=\"563\" srcset=\"https:\/\/portugalrental.eu\/wp-content\/uploads\/2024\/12\/salon.jpeg 1000w, https:\/\/portugalrental.eu\/wp-content\/uploads\/2024\/12\/salon-980x552.jpeg 980w, https:\/\/portugalrental.eu\/wp-content\/uploads\/2024\/12\/salon-480x270.jpeg 480w\" sizes=\"(min-width: 0px) and (max-width: 480px) 480px, (min-width: 481px) and (max-width: 980px) 980px, (min-width: 981px) 1000px, 100vw\" class=\"wp-image-177\" \/><\/span><\/div>\n<\/div>\n<\/div>\n<\/div>\n\n<div class=\"et_pb_section_2 et_pb_section et_section_regular et_flex_section\">\n<div class=\"et_pb_row_3 et_pb_row et_flex_row preset--module--divi-row--5138c454-be54-4233-bd3b-f8e6a8747976\">\n<div class=\"et_pb_column_4 et_pb_column et-last-child et_flex_column et_pb_css_mix_blend_mode_passthrough et_flex_column_24_24 et_flex_column_24_24_tablet et_flex_column_24_24_phone preset--module--divi-column--73121f80-a3ef-4484-8763-c3f18e3c56d2\">\n<div class=\"et_pb_heading_2 et_pb_heading et_pb_module et_flex_module preset--module--divi-heading--f0c675ea-2574-4d0e-b725-30f8550a8550\"><div class=\"et_pb_heading_container\"><h4 class=\"et_pb_module_header\">Discover Activities and Attractions<\/h4><\/div><\/div>\n\n<div class=\"et_pb_heading_3 et_pb_heading et_pb_module et_flex_module preset--module--divi-heading--default\"><div class=\"et_pb_heading_container\"><h2 class=\"et_pb_module_header\">Photo Gallery<\/h2><\/div><\/div>\n<\/div>\n<\/div>\n\n<div class=\"et_pb_row_4 et_pb_row et_flex_row preset--module--divi-row--5138c454-be54-4233-bd3b-f8e6a8747976\">\n<div class=\"et_pb_column_5 et_pb_column et_flex_column et_pb_css_mix_blend_mode_passthrough et_flex_column_24_24 et_flex_column_24_24_tablet et_flex_column_24_24_phone preset--module--divi-column--73121f80-a3ef-4484-8763-c3f18e3c56d2\">\n<div class=\"et_pb_image_1 et_pb_image et_pb_has_overlay et_pb_module et_flex_module preset--module--divi-image--6ed8fd5c-62c5-4100-98c3-7b8b6d2c2ee6\"><a href=\"https:\/\/portugalrental.eu\/wp-content\/uploads\/2024\/12\/salle-a-manger-2.jpeg\" class=\"et_pb_lightbox_image\"><span class=\"et_pb_image_wrap\"><img loading=\"lazy\" decoding=\"async\" src=\"https:\/\/portugalrental.eu\/wp-content\/uploads\/2024\/12\/salle-a-manger-2.jpeg\" title=\"salle-a-manger-2\" width=\"1000\" height=\"563\" srcset=\"https:\/\/portugalrental.eu\/wp-content\/uploads\/2024\/12\/salle-a-manger-2.jpeg 1000w, https:\/\/portugalrental.eu\/wp-content\/uploads\/2024\/12\/salle-a-manger-2-980x552.jpeg 980w, https:\/\/portugalrental.eu\/wp-content\/uploads\/2024\/12\/salle-a-manger-2-480x270.jpeg 480w\" sizes=\"(min-width: 0px) and (max-width: 480px) 480px, (min-width: 481px) and (max-width: 980px) 980px, (min-width: 981px) 1000px, 100vw\" class=\"wp-image-175\" \/><span class=\"et_overlay\"><\/span><\/span><\/a><\/div>\n\n<div class=\"et_pb_image_2 et_pb_image et_pb_has_overlay et_pb_module et_flex_module preset--module--divi-image--6ed8fd5c-62c5-4100-98c3-7b8b6d2c2ee6\"><a href=\"https:\/\/portugalrental.eu\/wp-content\/uploads\/2024\/07\/7cf1c449-3f0b-447c-8ffe-c9d3e8eb48fe.webp\" class=\"et_pb_lightbox_image\"><span class=\"et_pb_image_wrap\"><img loading=\"lazy\" decoding=\"async\" src=\"https:\/\/portugalrental.eu\/wp-content\/uploads\/2024\/07\/7cf1c449-3f0b-447c-8ffe-c9d3e8eb48fe.webp\" title=\"7cf1c449-3f0b-447c-8ffe-c9d3e8eb48fe\" width=\"480\" height=\"640\" srcset=\"https:\/\/portugalrental.eu\/wp-content\/uploads\/2024\/07\/7cf1c449-3f0b-447c-8ffe-c9d3e8eb48fe.webp 480w, https:\/\/portugalrental.eu\/wp-content\/uploads\/2024\/07\/7cf1c449-3f0b-447c-8ffe-c9d3e8eb48fe-225x300.webp 225w\" sizes=\"(max-width: 480px) 100vw, 480px\" class=\"wp-image-10\" \/><span class=\"et_overlay\"><\/span><\/span><\/a><\/div>\n<\/div>\n\n<div class=\"et_pb_column_6 et_pb_column et_flex_column et_pb_css_mix_blend_mode_passthrough et_flex_column_24_24 et_flex_column_24_24_tablet et_flex_column_24_24_phone preset--module--divi-column--73121f80-a3ef-4484-8763-c3f18e3c56d2\">\n<div class=\"et_pb_image_3 et_pb_image et_pb_has_overlay et_pb_module et_flex_module preset--module--divi-image--6ed8fd5c-62c5-4100-98c3-7b8b6d2c2ee6\"><a href=\"https:\/\/portugalrental.eu\/wp-content\/uploads\/2024\/12\/mezzanine-1.jpeg\" class=\"et_pb_lightbox_image\"><span class=\"et_pb_image_wrap\"><img loading=\"lazy\" decoding=\"async\" src=\"https:\/\/portugalrental.eu\/wp-content\/uploads\/2024\/12\/mezzanine-1.jpeg\" title=\"mezzanine-1\" width=\"1000\" height=\"563\" srcset=\"https:\/\/portugalrental.eu\/wp-content\/uploads\/2024\/12\/mezzanine-1.jpeg 1000w, https:\/\/portugalrental.eu\/wp-content\/uploads\/2024\/12\/mezzanine-1-980x552.jpeg 980w, https:\/\/portugalrental.eu\/wp-content\/uploads\/2024\/12\/mezzanine-1-480x270.jpeg 480w\" sizes=\"(min-width: 0px) and (max-width: 480px) 480px, (min-width: 481px) and (max-width: 980px) 980px, (min-width: 981px) 1000px, 100vw\" class=\"wp-image-173\" \/><span class=\"et_overlay\"><\/span><\/span><\/a><\/div>\n\n<div class=\"et_pb_image_4 et_pb_image et_pb_has_overlay et_pb_module et_flex_module preset--module--divi-image--6ed8fd5c-62c5-4100-98c3-7b8b6d2c2ee6\"><a href=\"https:\/\/portugalrental.eu\/wp-content\/uploads\/2024\/07\/20231119_145435.jpg\" class=\"et_pb_lightbox_image\"><span class=\"et_pb_image_wrap\"><img loading=\"lazy\" decoding=\"async\" src=\"https:\/\/portugalrental.eu\/wp-content\/uploads\/2024\/07\/20231119_145435.jpg\" title=\"20231119_145435\" width=\"800\" height=\"600\" srcset=\"https:\/\/portugalrental.eu\/wp-content\/uploads\/2024\/07\/20231119_145435.jpg 800w, https:\/\/portugalrental.eu\/wp-content\/uploads\/2024\/07\/20231119_145435-480x360.jpg 480w\" sizes=\"(min-width: 0px) and (max-width: 480px) 480px, (min-width: 481px) 800px, 100vw\" class=\"wp-image-16\" \/><span class=\"et_overlay\"><\/span><\/span><\/a><\/div>\n<\/div>\n\n<div class=\"et_pb_column_7 et_pb_column et_flex_column et_pb_css_mix_blend_mode_passthrough et_flex_column_24_24 et_flex_column_24_24_tablet et_flex_column_24_24_phone preset--module--divi-column--73121f80-a3ef-4484-8763-c3f18e3c56d2\">\n<div class=\"et_pb_image_5 et_pb_image et_pb_has_overlay et_pb_module et_flex_module preset--module--divi-image--6ed8fd5c-62c5-4100-98c3-7b8b6d2c2ee6\"><a href=\"https:\/\/portugalrental.eu\/wp-content\/uploads\/2024\/12\/chambre-1.jpeg\" class=\"et_pb_lightbox_image\"><span class=\"et_pb_image_wrap\"><img loading=\"lazy\" decoding=\"async\" src=\"https:\/\/portugalrental.eu\/wp-content\/uploads\/2024\/12\/chambre-1.jpeg\" title=\"chambre-1\" width=\"1000\" height=\"563\" srcset=\"https:\/\/portugalrental.eu\/wp-content\/uploads\/2024\/12\/chambre-1.jpeg 1000w, https:\/\/portugalrental.eu\/wp-content\/uploads\/2024\/12\/chambre-1-980x552.jpeg 980w, https:\/\/portugalrental.eu\/wp-content\/uploads\/2024\/12\/chambre-1-480x270.jpeg 480w\" sizes=\"(min-width: 0px) and (max-width: 480px) 480px, (min-width: 481px) and (max-width: 980px) 980px, (min-width: 981px) 1000px, 100vw\" class=\"wp-image-167\" \/><span class=\"et_overlay\"><\/span><\/span><\/a><\/div>\n\n<div class=\"et_pb_image_6 et_pb_image et_pb_has_overlay et_pb_module et_flex_module preset--module--divi-image--6ed8fd5c-62c5-4100-98c3-7b8b6d2c2ee6\"><a href=\"https:\/\/portugalrental.eu\/wp-content\/uploads\/2024\/07\/20231119_151517.jpg\" class=\"et_pb_lightbox_image\"><span class=\"et_pb_image_wrap\"><img loading=\"lazy\" decoding=\"async\" src=\"https:\/\/portugalrental.eu\/wp-content\/uploads\/2024\/07\/20231119_151517.jpg\" title=\"20231119_151517\" width=\"800\" height=\"600\" srcset=\"https:\/\/portugalrental.eu\/wp-content\/uploads\/2024\/07\/20231119_151517.jpg 800w, https:\/\/portugalrental.eu\/wp-content\/uploads\/2024\/07\/20231119_151517-480x360.jpg 480w\" sizes=\"(min-width: 0px) and (max-width: 480px) 480px, (min-width: 481px) 800px, 100vw\" class=\"wp-image-17\" \/><span class=\"et_overlay\"><\/span><\/span><\/a><\/div>\n<\/div>\n\n<div class=\"et_pb_column_8 et_pb_column et-last-child et_flex_column et_pb_css_mix_blend_mode_passthrough et_flex_column_24_24 et_flex_column_24_24_tablet et_flex_column_24_24_phone preset--module--divi-column--73121f80-a3ef-4484-8763-c3f18e3c56d2\">\n<div class=\"et_pb_image_7 et_pb_image et_pb_has_overlay et_pb_module et_flex_module preset--module--divi-image--6ed8fd5c-62c5-4100-98c3-7b8b6d2c2ee6\"><a href=\"https:\/\/portugalrental.eu\/wp-content\/uploads\/2024\/12\/cuisine-1.jpeg\" class=\"et_pb_lightbox_image\"><span class=\"et_pb_image_wrap\"><img loading=\"lazy\" decoding=\"async\" src=\"https:\/\/portugalrental.eu\/wp-content\/uploads\/2024\/12\/cuisine-1.jpeg\" title=\"cuisine-1\" width=\"1000\" height=\"563\" srcset=\"https:\/\/portugalrental.eu\/wp-content\/uploads\/2024\/12\/cuisine-1.jpeg 1000w, https:\/\/portugalrental.eu\/wp-content\/uploads\/2024\/12\/cuisine-1-980x552.jpeg 980w, https:\/\/portugalrental.eu\/wp-content\/uploads\/2024\/12\/cuisine-1-480x270.jpeg 480w\" sizes=\"(min-width: 0px) and (max-width: 480px) 480px, (min-width: 481px) and (max-width: 980px) 980px, (min-width: 981px) 1000px, 100vw\" class=\"wp-image-170\" \/><span class=\"et_overlay\"><\/span><\/span><\/a><\/div>\n\n<div class=\"et_pb_image_8 et_pb_image et_pb_has_overlay et_pb_module et_flex_module preset--module--divi-image--6ed8fd5c-62c5-4100-98c3-7b8b6d2c2ee6\"><a href=\"https:\/\/portugalrental.eu\/wp-content\/uploads\/2024\/07\/eb691f43-90ec-424b-a632-0029eba44dd4.webp\" class=\"et_pb_lightbox_image\"><span class=\"et_pb_image_wrap\"><img loading=\"lazy\" decoding=\"async\" src=\"https:\/\/portugalrental.eu\/wp-content\/uploads\/2024\/07\/eb691f43-90ec-424b-a632-0029eba44dd4.webp\" title=\"eb691f43-90ec-424b-a632-0029eba44dd4\" width=\"480\" height=\"640\" srcset=\"https:\/\/portugalrental.eu\/wp-content\/uploads\/2024\/07\/eb691f43-90ec-424b-a632-0029eba44dd4.webp 480w, https:\/\/portugalrental.eu\/wp-content\/uploads\/2024\/07\/eb691f43-90ec-424b-a632-0029eba44dd4-225x300.webp 225w\" sizes=\"(max-width: 480px) 100vw, 480px\" class=\"wp-image-21\" \/><span class=\"et_overlay\"><\/span><\/span><\/a><\/div>\n<\/div>\n<\/div>\n<\/div>\n\n<div class=\"et_pb_section_3 et_pb_section et_section_regular et_flex_section preset--module--divi-section--8363d3a1-7f13-4aae-8984-26124f93e21c\">\n<div class=\"et_pb_row_5 et_pb_row et_flex_row preset--module--divi-row--5138c454-be54-4233-bd3b-f8e6a8747976\">\n<div class=\"et_pb_column_9 et_pb_column et-last-child et_flex_column et_pb_css_mix_blend_mode_passthrough et_flex_column_24_24 et_flex_column_24_24_tablet et_flex_column_24_24_phone preset--module--divi-column--73121f80-a3ef-4484-8763-c3f18e3c56d2\">\n<div class=\"et_pb_heading_4 et_pb_heading et_pb_module et_flex_module preset--module--divi-heading--default\"><div class=\"et_pb_heading_container\"><h2 class=\"et_pb_module_header\">Features<\/h2><\/div><\/div>\n<\/div>\n<\/div>\n\n<div class=\"et_pb_row_6 et_pb_row et_flex_row preset--module--divi-row--5138c454-be54-4233-bd3b-f8e6a8747976\">\n<div class=\"et_pb_column_10 et_pb_column et_flex_column et_pb_css_mix_blend_mode_passthrough et_flex_column_24_24 et_flex_column_24_24_tablet et_flex_column_24_24_phone preset--module--divi-column--50607da8-57bc-4d4b-aaef-f02e41c2cc4a\">\n<div class=\"et_pb_blurb_0 et_pb_blurb et_pb_bg_layout_light et_pb_blurb_position_top et_pb_module et_flex_module preset--module--divi-blurb--default\"><div class=\"et_pb_blurb_content et_flex_module\"><div class=\"et_pb_main_blurb_image\"><span class=\"et_pb_image_wrap et_pb_only_image_mode_wrap\"><img loading=\"lazy\" decoding=\"async\" src=\"https:\/\/portugalrental.eu\/wp-content\/uploads\/2024\/12\/cuisine-2.jpeg\" width=\"1000\" height=\"563\" srcset=\"https:\/\/portugalrental.eu\/wp-content\/uploads\/2024\/12\/cuisine-2.jpeg 1000w, https:\/\/portugalrental.eu\/wp-content\/uploads\/2024\/12\/cuisine-2-980x552.jpeg 980w, https:\/\/portugalrental.eu\/wp-content\/uploads\/2024\/12\/cuisine-2-480x270.jpeg 480w\" sizes=\"(min-width: 0px) and (max-width: 480px) 480px, (min-width: 481px) and (max-width: 980px) 980px, (min-width: 981px) 1000px, 100vw\" class=\"wp-image-171\" \/><\/span><\/div><div class=\"et_pb_blurb_container\"><h4 class=\"et_pb_module_header\">Fully Equipped<\/h4><div class=\"et_pb_blurb_description\"><p>The house is fully equipped for a comfortable and worry-free stay.<\/p>\n<\/div><\/div><\/div><\/div>\n\n<div class=\"et_pb_module et_pb_button_module_wrapper et_pb_button_1_wrapper preset--module--divi-button--default_wrapper\"><a class=\"et_pb_button_1 et_pb_button et_pb_bg_layout_light et_pb_module et_flex_module preset--module--divi-button--default\" href=\"\">Learn more<\/a><\/div>\n<\/div>\n\n<div class=\"et_pb_column_11 et_pb_column et_flex_column et_pb_css_mix_blend_mode_passthrough et_flex_column_24_24 et_flex_column_24_24_tablet et_flex_column_24_24_phone preset--module--divi-column--50607da8-57bc-4d4b-aaef-f02e41c2cc4a\">\n<div class=\"et_pb_blurb_1 et_pb_blurb et_pb_bg_layout_light et_pb_blurb_position_top et_pb_module et_flex_module preset--module--divi-blurb--default\"><div class=\"et_pb_blurb_content et_flex_module\"><div class=\"et_pb_main_blurb_image\"><span class=\"et_pb_image_wrap et_pb_only_image_mode_wrap\"><img loading=\"lazy\" decoding=\"async\" src=\"https:\/\/portugalrental.eu\/wp-content\/uploads\/2024\/07\/20231119_145259.jpg\" width=\"800\" height=\"600\" srcset=\"https:\/\/portugalrental.eu\/wp-content\/uploads\/2024\/07\/20231119_145259.jpg 800w, https:\/\/portugalrental.eu\/wp-content\/uploads\/2024\/07\/20231119_145259-480x360.jpg 480w\" sizes=\"(min-width: 0px) and (max-width: 480px) 480px, (min-width: 481px) 800px, 100vw\" class=\"wp-image-14\" \/><\/span><\/div><div class=\"et_pb_blurb_container\"><h4 class=\"et_pb_module_header\">Outdoor Patio with BBQ<\/h4><div class=\"et_pb_blurb_description\"><p>Profitez d'un espace ext\u00e9rieur convivial avec barbecue pour des moments de d\u00e9tente en plein air.<\/p>\n<\/div><\/div><\/div><\/div>\n\n<div class=\"et_pb_module et_pb_button_module_wrapper et_pb_button_2_wrapper preset--module--divi-button--default_wrapper\"><a class=\"et_pb_button_2 et_pb_button et_pb_bg_layout_light et_pb_module et_flex_module preset--module--divi-button--default\" href=\"\">Discover<\/a><\/div>\n<\/div>\n\n<div class=\"et_pb_column_12 et_pb_column et-last-child et_flex_column et_pb_css_mix_blend_mode_passthrough et_flex_column_24_24 et_flex_column_24_24_tablet et_flex_column_24_24_phone preset--module--divi-column--50607da8-57bc-4d4b-aaef-f02e41c2cc4a\">\n<div class=\"et_pb_blurb_2 et_pb_blurb et_pb_bg_layout_light et_pb_blurb_position_top et_pb_module et_flex_module preset--module--divi-blurb--default\"><div class=\"et_pb_blurb_content et_flex_module\"><div class=\"et_pb_main_blurb_image\"><span class=\"et_pb_image_wrap et_pb_only_image_mode_wrap\"><img loading=\"lazy\" decoding=\"async\" src=\"https:\/\/portugalrental.eu\/wp-content\/uploads\/2024\/12\/bureau.jpeg\" width=\"1000\" height=\"563\" srcset=\"https:\/\/portugalrental.eu\/wp-content\/uploads\/2024\/12\/bureau.jpeg 1000w, https:\/\/portugalrental.eu\/wp-content\/uploads\/2024\/12\/bureau-980x552.jpeg 980w, https:\/\/portugalrental.eu\/wp-content\/uploads\/2024\/12\/bureau-480x270.jpeg 480w\" sizes=\"(min-width: 0px) and (max-width: 480px) 480px, (min-width: 481px) and (max-width: 980px) 980px, (min-width: 981px) 1000px, 100vw\" class=\"wp-image-166\" \/><\/span><\/div><div class=\"et_pb_blurb_container\"><h4 class=\"et_pb_module_header\">High-Speed Internet Connection<\/h4><div class=\"et_pb_blurb_description\"><p>Stay connected with a fast and reliable internet connection. A dedicated workspace is also available, making it ideal for remote work.<\/p>\n<\/div><\/div><\/div><\/div>\n\n<div class=\"et_pb_module et_pb_button_module_wrapper et_pb_button_3_wrapper preset--module--divi-button--default_wrapper\"><a class=\"et_pb_button_3 et_pb_button et_pb_bg_layout_light et_pb_module et_flex_module preset--module--divi-button--default\" href=\"\">Discover<\/a><\/div>\n<\/div>\n<\/div>\n<\/div>\n\n<div class=\"et_pb_section_4 et_pb_section et_section_regular et_flex_section\">\n<div class=\"et_pb_row_7 et_pb_row et_flex_row preset--module--divi-row--5138c454-be54-4233-bd3b-f8e6a8747976\">\n<div class=\"et_pb_column_13 et_pb_column et-last-child et_flex_column et_pb_css_mix_blend_mode_passthrough et_flex_column_24_24 et_flex_column_24_24_tablet et_flex_column_24_24_phone preset--module--divi-column--73121f80-a3ef-4484-8763-c3f18e3c56d2\">\n<div class=\"et_pb_heading_5 et_pb_heading et_pb_module et_flex_module preset--module--divi-heading--ddeb8c09-9078-4424-bc15-2efb6572e28e\"><div class=\"et_pb_heading_container\"><h1 class=\"et_pb_module_header\">R\u00e9servez Votre S\u00e9jour Maintenant<\/h1><\/div><\/div>\n\n<div class=\"et_pb_module et_pb_button_module_wrapper et_pb_button_4_wrapper preset--module--divi-button--ab15fb74-61a3-43aa-96b3-41e09aeef654_wrapper\"><a class=\"et_pb_button_4 et_pb_button et_pb_bg_layout_light et_pb_module et_flex_module preset--module--divi-button--ab15fb74-61a3-43aa-96b3-41e09aeef654\" href=\"\">Book<\/a><\/div>\n<\/div>\n<\/div>\n<\/div>","protected":false},"excerpt":{"rendered":"","protected":false},"author":1,"featured_media":0,"parent":0,"menu_order":0,"comment_status":"closed","ping_status":"closed","template":"","meta":{"footnotes":""},"class_list":["post-25","page","type-page","status-publish","hentry"],"_links":{"self":[{"href":"https:\/\/portugalrental.eu\/en\/wp-json\/wp\/v2\/pages\/25","targetHints":{"allow":["GET"]}}],"collection":[{"href":"https:\/\/portugalrental.eu\/en\/wp-json\/wp\/v2\/pages"}],"about":[{"href":"https:\/\/portugalrental.eu\/en\/wp-json\/wp\/v2\/types\/page"}],"author":[{"embeddable":true,"href":"https:\/\/portugalrental.eu\/en\/wp-json\/wp\/v2\/users\/1"}],"replies":[{"embeddable":true,"href":"https:\/\/portugalrental.eu\/en\/wp-json\/wp\/v2\/comments?post=25"}],"version-history":[{"count":6,"href":"https:\/\/portugalrental.eu\/en\/wp-json\/wp\/v2\/pages\/25\/revisions"}],"predecessor-version":[{"id":421,"href":"https:\/\/portugalrental.eu\/en\/wp-json\/wp\/v2\/pages\/25\/revisions\/421"}],"wp:attachment":[{"href":"https:\/\/portugalrental.eu\/en\/wp-json\/wp\/v2\/media?parent=25"}],"curies":[{"name":"wp","href":"https:\/\/api.w.org\/{rel}","templated":true}]}}