{"id":27,"date":"2024-07-12T14:58:42","date_gmt":"2024-07-12T13:58:42","guid":{"rendered":"https:\/\/portugalrental.eu\/?page_id=27"},"modified":"2025-06-16T15:08:18","modified_gmt":"2025-06-16T14:08:18","slug":"hebergement","status":"publish","type":"page","link":"https:\/\/portugalrental.eu\/en\/hebergement\/","title":{"rendered":"Accommodation"},"content":{"rendered":"<div class=\"et_pb_section_0 et_pb_section et_section_regular et_flex_section preset--module--divi-section--_module_preset=\"><div class=\"et_pb_row_0 et_pb_row et_flex_row preset--module--divi-row--5138c454-be54-4233-bd3b-f8e6a8747976\"><div class=\"et_pb_column_0 et_pb_column et-last-child et_flex_column et_pb_css_mix_blend_mode_passthrough et_flex_column_24_24 et_flex_column_24_24_tablet et_flex_column_24_24_phone preset--module--divi-column--73121f80-a3ef-4484-8763-c3f18e3c56d2\"><div class=\"et_pb_heading_0 et_pb_heading et_pb_module et_flex_module preset--module--divi-heading--f0c675ea-2574-4d0e-b725-30f8550a8550\"><div class=\"et_pb_heading_container\"><h4 class=\"et_pb_module_header\">Discover Your Haven of Peace in Portugal<\/h4><\/div><\/div><div class=\"et_pb_heading_1 et_pb_heading et_pb_module et_flex_module preset--module--divi-heading--ddeb8c09-9078-4424-bc15-2efb6572e28e\"><div class=\"et_pb_heading_container\"><h1 class=\"et_pb_module_header\">Maison de Vacances Id\u00e9ale \u00e0 Serra d'El Rei<\/h1><\/div><\/div><div class=\"et_pb_text_0 et_pb_text et_pb_bg_layout_light et_pb_module et_flex_module preset--module--divi-text--0504de1e-f5ff-4281-ba60-cbbe4edf98bc\"><div class=\"et_pb_text_inner\"><p>\u00c9vadez-vous dans notre charmante maison de vacances situ\u00e9e au c\u0153ur de Serra d'El Rei. Profitez d'un s\u00e9jour inoubliable avec des \u00e9quipements modernes et un patio ext\u00e9rieur parfait pour les barbecues. \u00c0 seulement 10 minutes des plages de Baleal et des spots de surf de P\u00e9niche, notre maison est l'endroit id\u00e9al pour se ressourcer.<\/p>\n<\/div><\/div><div class=\"et_pb_module et_pb_button_module_wrapper et_pb_button_0_wrapper preset--module--divi-button--ab15fb74-61a3-43aa-96b3-41e09aeef654_wrapper\"><a class=\"et_pb_button_0 et_pb_button et_pb_bg_layout_light et_pb_module et_flex_module preset--module--divi-button--ab15fb74-61a3-43aa-96b3-41e09aeef654\" href=\"\">Book Now<\/a><\/div><\/div><\/div><\/div><div class=\"et_pb_section_1 et_pb_section et_section_regular et_flex_section\"><div class=\"et_pb_row_1 et_pb_row et_flex_row preset--module--divi-row--5138c454-be54-4233-bd3b-f8e6a8747976\"><div class=\"et_pb_column_1 et_pb_column et-last-child et_flex_column et_pb_css_mix_blend_mode_passthrough et_flex_column_24_24 et_flex_column_24_24_tablet et_flex_column_24_24_phone preset--module--divi-column--73121f80-a3ef-4484-8763-c3f18e3c56d2\"><div class=\"et_pb_heading_2 et_pb_heading et_pb_module et_flex_module preset--module--divi-heading--default\"><div class=\"et_pb_heading_container\"><h2 class=\"et_pb_module_header\">A Sustainable Approach<\/h2><\/div><\/div><\/div><\/div><div class=\"et_pb_row_2 et_pb_row et_flex_row preset--module--divi-row--5138c454-be54-4233-bd3b-f8e6a8747976\"><div class=\"et_pb_column_2 et_pb_column et_flex_column et_pb_css_mix_blend_mode_passthrough et_flex_column_24_24 et_flex_column_24_24_tablet et_flex_column_24_24_phone preset--module--divi-column--73121f80-a3ef-4484-8763-c3f18e3c56d2\"><div class=\"et_pb_text_1 et_pb_text et_pb_bg_layout_light et_pb_module et_flex_module preset--module--divi-text--default\"><div class=\"et_pb_text_inner\"><p>Notre maison de vacances s'inscrit dans une d\u00e9marche responsable, visant \u00e0 r\u00e9duire son impact environnemental et \u00e0 contribuer \u00e0 un s\u00e9jour plus \u00e9coresponsable pour ses locataires.<\/p>\n<p>Elle est \u00e9quip\u00e9e de panneaux photovolta\u00efques, produisant une \u00e9nergie verte et renouvelable. Nous vous invitons \u00e0 optimiser leur usage en r\u00e9alisant les t\u00e2ches les plus \u00e9nergivores, comme le lavage du linge ou l'utilisation du lave-vaisselle, durant la journ\u00e9e lorsque la production est maximale.<\/p>\n<p>Pour limiter l'impact des plastiques sur l'environnement, nous mettons \u00e0 votre disposition des bouteilles r\u00e9utilisables. Vous pouvez les remplir pour un cout mod\u00e9r\u00e9 dans tous les magasins \"Pingo Doce\". Ce geste simple contribue \u00e0 r\u00e9duire la consommation de bouteilles en plastique \u00e0 usage unique.<\/p>\n<p>By adopting these practices, you actively contribute to our commitment to sustainable and planet-friendly tourism.<\/p>\n<\/div><\/div><\/div><div class=\"et_pb_column_3 et_pb_column et-last-child et_flex_column et_pb_css_mix_blend_mode_passthrough et_flex_column_24_24 et_flex_column_24_24_tablet et_flex_column_24_24_phone preset--module--divi-column--73121f80-a3ef-4484-8763-c3f18e3c56d2\"><div class=\"et_pb_image_0 et_pb_image et_pb_module et_flex_module preset--module--divi-image--6ed8fd5c-62c5-4100-98c3-7b8b6d2c2ee6\"><span class=\"et_pb_image_wrap\"><img loading=\"lazy\" decoding=\"async\" src=\"https:\/\/portugalrental.eu\/wp-content\/uploads\/2024\/12\/solaire.jpg\" title=\"solaire\" width=\"1000\" height=\"615\" srcset=\"https:\/\/portugalrental.eu\/wp-content\/uploads\/2024\/12\/solaire.jpg 1000w, https:\/\/portugalrental.eu\/wp-content\/uploads\/2024\/12\/solaire-980x603.jpg 980w, https:\/\/portugalrental.eu\/wp-content\/uploads\/2024\/12\/solaire-480x295.jpg 480w\" sizes=\"(min-width: 0px) and (max-width: 480px) 480px, (min-width: 481px) and (max-width: 980px) 980px, (min-width: 981px) 1000px, 100vw\" class=\"wp-image-189\" \/><\/span><\/div><\/div><\/div><\/div><div class=\"et_pb_section_2 et_pb_section et_section_regular et_flex_section\"><div class=\"et_pb_row_3 et_pb_row et_flex_row preset--module--divi-row--5138c454-be54-4233-bd3b-f8e6a8747976\"><div class=\"et_pb_column_4 et_pb_column et-last-child et_flex_column et_pb_css_mix_blend_mode_passthrough et_flex_column_24_24 et_flex_column_24_24_tablet et_flex_column_24_24_phone preset--module--divi-column--73121f80-a3ef-4484-8763-c3f18e3c56d2\"><div class=\"et_pb_heading_3 et_pb_heading et_pb_module et_flex_module preset--module--divi-heading--f0c675ea-2574-4d0e-b725-30f8550a8550\"><div class=\"et_pb_heading_container\"><h4 class=\"et_pb_module_header\">Photo Gallery<\/h4><\/div><\/div><div class=\"et_pb_heading_4 et_pb_heading et_pb_module et_flex_module preset--module--divi-heading--default\"><div class=\"et_pb_heading_container\"><h2 class=\"et_pb_module_header\">Discover Our Home<\/h2><\/div><\/div><\/div><\/div><div class=\"et_pb_row_4 et_pb_row et_flex_row preset--module--divi-row--5138c454-be54-4233-bd3b-f8e6a8747976\"><div class=\"et_pb_column_5 et_pb_column et_flex_column et_pb_css_mix_blend_mode_passthrough et_flex_column_24_24 et_flex_column_24_24_tablet et_flex_column_24_24_phone preset--module--divi-column--73121f80-a3ef-4484-8763-c3f18e3c56d2\"><div class=\"et_pb_image_1 et_pb_image et_pb_has_overlay et_pb_module et_flex_module preset--module--divi-image--6ed8fd5c-62c5-4100-98c3-7b8b6d2c2ee6\"><a href=\"https:\/\/portugalrental.eu\/wp-content\/uploads\/2024\/12\/salle-a-manger.jpeg\" class=\"et_pb_lightbox_image\"><span class=\"et_pb_image_wrap\"><img loading=\"lazy\" decoding=\"async\" src=\"https:\/\/portugalrental.eu\/wp-content\/uploads\/2024\/12\/salle-a-manger.jpeg\" title=\"salle-a-manger\" width=\"1000\" height=\"563\" srcset=\"https:\/\/portugalrental.eu\/wp-content\/uploads\/2024\/12\/salle-a-manger.jpeg 1000w, https:\/\/portugalrental.eu\/wp-content\/uploads\/2024\/12\/salle-a-manger-980x552.jpeg 980w, https:\/\/portugalrental.eu\/wp-content\/uploads\/2024\/12\/salle-a-manger-480x270.jpeg 480w\" sizes=\"(min-width: 0px) and (max-width: 480px) 480px, (min-width: 481px) and (max-width: 980px) 980px, (min-width: 981px) 1000px, 100vw\" class=\"wp-image-176\" \/><span class=\"et_overlay\"><\/span><\/span><\/a><\/div><div class=\"et_pb_image_2 et_pb_image et_pb_has_overlay et_pb_module et_flex_module preset--module--divi-image--6ed8fd5c-62c5-4100-98c3-7b8b6d2c2ee6\"><a href=\"https:\/\/portugalrental.eu\/wp-content\/uploads\/2024\/07\/4e293e45-c3ed-4bfa-b88f-2d41f641182d.webp\" class=\"et_pb_lightbox_image\"><span class=\"et_pb_image_wrap\"><img loading=\"lazy\" decoding=\"async\" src=\"https:\/\/portugalrental.eu\/wp-content\/uploads\/2024\/07\/4e293e45-c3ed-4bfa-b88f-2d41f641182d.webp\" title=\"4e293e45-c3ed-4bfa-b88f-2d41f641182d\" width=\"480\" height=\"640\" srcset=\"https:\/\/portugalrental.eu\/wp-content\/uploads\/2024\/07\/4e293e45-c3ed-4bfa-b88f-2d41f641182d.webp 480w, https:\/\/portugalrental.eu\/wp-content\/uploads\/2024\/07\/4e293e45-c3ed-4bfa-b88f-2d41f641182d-225x300.webp 225w\" sizes=\"(max-width: 480px) 100vw, 480px\" class=\"wp-image-9\" \/><span class=\"et_overlay\"><\/span><\/span><\/a><\/div><\/div><div class=\"et_pb_column_6 et_pb_column et_flex_column et_pb_css_mix_blend_mode_passthrough et_flex_column_24_24 et_flex_column_24_24_tablet et_flex_column_24_24_phone preset--module--divi-column--73121f80-a3ef-4484-8763-c3f18e3c56d2\"><div class=\"et_pb_image_3 et_pb_image et_pb_has_overlay et_pb_module et_flex_module preset--module--divi-image--6ed8fd5c-62c5-4100-98c3-7b8b6d2c2ee6\"><a href=\"https:\/\/portugalrental.eu\/wp-content\/uploads\/2024\/07\/fe8865e2-b50c-4e68-8f8e-aa438589be93.jpeg\" class=\"et_pb_lightbox_image\"><span class=\"et_pb_image_wrap\"><img loading=\"lazy\" decoding=\"async\" src=\"https:\/\/portugalrental.eu\/wp-content\/uploads\/2024\/07\/fe8865e2-b50c-4e68-8f8e-aa438589be93.jpeg\" title=\"fe8865e2-b50c-4e68-8f8e-aa438589be93\" width=\"1440\" height=\"1920\" srcset=\"https:\/\/portugalrental.eu\/wp-content\/uploads\/2024\/07\/fe8865e2-b50c-4e68-8f8e-aa438589be93.jpeg 1440w, https:\/\/portugalrental.eu\/wp-content\/uploads\/2024\/07\/fe8865e2-b50c-4e68-8f8e-aa438589be93-1280x1707.jpeg 1280w, https:\/\/portugalrental.eu\/wp-content\/uploads\/2024\/07\/fe8865e2-b50c-4e68-8f8e-aa438589be93-980x1307.jpeg 980w, https:\/\/portugalrental.eu\/wp-content\/uploads\/2024\/07\/fe8865e2-b50c-4e68-8f8e-aa438589be93-480x640.jpeg 480w\" sizes=\"(min-width: 0px) and (max-width: 480px) 480px, (min-width: 481px) and (max-width: 980px) 980px, (min-width: 981px) and (max-width: 1280px) 1280px, (min-width: 1281px) 1440px, 100vw\" class=\"wp-image-23\" \/><span class=\"et_overlay\"><\/span><\/span><\/a><\/div><div class=\"et_pb_image_4 et_pb_image et_pb_has_overlay et_pb_module et_flex_module preset--module--divi-image--6ed8fd5c-62c5-4100-98c3-7b8b6d2c2ee6\"><a href=\"https:\/\/portugalrental.eu\/wp-content\/uploads\/2024\/12\/mezzanine-2.jpeg\" class=\"et_pb_lightbox_image\"><span class=\"et_pb_image_wrap\"><img loading=\"lazy\" decoding=\"async\" src=\"https:\/\/portugalrental.eu\/wp-content\/uploads\/2024\/12\/mezzanine-2.jpeg\" title=\"mezzanine-2\" width=\"1000\" height=\"563\" srcset=\"https:\/\/portugalrental.eu\/wp-content\/uploads\/2024\/12\/mezzanine-2.jpeg 1000w, https:\/\/portugalrental.eu\/wp-content\/uploads\/2024\/12\/mezzanine-2-980x552.jpeg 980w, https:\/\/portugalrental.eu\/wp-content\/uploads\/2024\/12\/mezzanine-2-480x270.jpeg 480w\" sizes=\"(min-width: 0px) and (max-width: 480px) 480px, (min-width: 481px) and (max-width: 980px) 980px, (min-width: 981px) 1000px, 100vw\" class=\"wp-image-174\" \/><span class=\"et_overlay\"><\/span><\/span><\/a><\/div><\/div><div class=\"et_pb_column_7 et_pb_column et_flex_column et_pb_css_mix_blend_mode_passthrough et_flex_column_24_24 et_flex_column_24_24_tablet et_flex_column_24_24_phone preset--module--divi-column--73121f80-a3ef-4484-8763-c3f18e3c56d2\"><div class=\"et_pb_image_5 et_pb_image et_pb_has_overlay et_pb_module et_flex_module preset--module--divi-image--6ed8fd5c-62c5-4100-98c3-7b8b6d2c2ee6\"><a href=\"https:\/\/portugalrental.eu\/wp-content\/uploads\/2024\/12\/deco.jpeg\" class=\"et_pb_lightbox_image\"><span class=\"et_pb_image_wrap\"><img loading=\"lazy\" decoding=\"async\" src=\"https:\/\/portugalrental.eu\/wp-content\/uploads\/2024\/12\/deco.jpeg\" title=\"deco\" width=\"1000\" height=\"563\" srcset=\"https:\/\/portugalrental.eu\/wp-content\/uploads\/2024\/12\/deco.jpeg 1000w, https:\/\/portugalrental.eu\/wp-content\/uploads\/2024\/12\/deco-980x552.jpeg 980w, https:\/\/portugalrental.eu\/wp-content\/uploads\/2024\/12\/deco-480x270.jpeg 480w\" sizes=\"(min-width: 0px) and (max-width: 480px) 480px, (min-width: 481px) and (max-width: 980px) 980px, (min-width: 981px) 1000px, 100vw\" class=\"wp-image-172\" \/><span class=\"et_overlay\"><\/span><\/span><\/a><\/div><div class=\"et_pb_image_6 et_pb_image et_pb_has_overlay et_pb_module et_flex_module preset--module--divi-image--6ed8fd5c-62c5-4100-98c3-7b8b6d2c2ee6\"><a href=\"https:\/\/portugalrental.eu\/wp-content\/uploads\/2024\/07\/7cf1c449-3f0b-447c-8ffe-c9d3e8eb48fe.webp\" class=\"et_pb_lightbox_image\"><span class=\"et_pb_image_wrap\"><img loading=\"lazy\" decoding=\"async\" src=\"https:\/\/portugalrental.eu\/wp-content\/uploads\/2024\/07\/7cf1c449-3f0b-447c-8ffe-c9d3e8eb48fe.webp\" title=\"7cf1c449-3f0b-447c-8ffe-c9d3e8eb48fe\" width=\"480\" height=\"640\" srcset=\"https:\/\/portugalrental.eu\/wp-content\/uploads\/2024\/07\/7cf1c449-3f0b-447c-8ffe-c9d3e8eb48fe.webp 480w, https:\/\/portugalrental.eu\/wp-content\/uploads\/2024\/07\/7cf1c449-3f0b-447c-8ffe-c9d3e8eb48fe-225x300.webp 225w\" sizes=\"(max-width: 480px) 100vw, 480px\" class=\"wp-image-10\" \/><span class=\"et_overlay\"><\/span><\/span><\/a><\/div><\/div><div class=\"et_pb_column_8 et_pb_column et-last-child et_flex_column et_pb_css_mix_blend_mode_passthrough et_flex_column_24_24 et_flex_column_24_24_tablet et_flex_column_24_24_phone preset--module--divi-column--73121f80-a3ef-4484-8763-c3f18e3c56d2\"><div class=\"et_pb_image_7 et_pb_image et_pb_has_overlay et_pb_module et_flex_module preset--module--divi-image--6ed8fd5c-62c5-4100-98c3-7b8b6d2c2ee6\"><a href=\"https:\/\/portugalrental.eu\/wp-content\/uploads\/2024\/07\/fc9c5bcc-3dd7-4085-b8c7-1f5fa4908ce1.jpeg\" class=\"et_pb_lightbox_image\"><span class=\"et_pb_image_wrap\"><img loading=\"lazy\" decoding=\"async\" src=\"https:\/\/portugalrental.eu\/wp-content\/uploads\/2024\/07\/fc9c5bcc-3dd7-4085-b8c7-1f5fa4908ce1.jpeg\" title=\"fc9c5bcc-3dd7-4085-b8c7-1f5fa4908ce1\" width=\"1440\" height=\"1920\" srcset=\"https:\/\/portugalrental.eu\/wp-content\/uploads\/2024\/07\/fc9c5bcc-3dd7-4085-b8c7-1f5fa4908ce1.jpeg 1440w, https:\/\/portugalrental.eu\/wp-content\/uploads\/2024\/07\/fc9c5bcc-3dd7-4085-b8c7-1f5fa4908ce1-1280x1707.jpeg 1280w, https:\/\/portugalrental.eu\/wp-content\/uploads\/2024\/07\/fc9c5bcc-3dd7-4085-b8c7-1f5fa4908ce1-980x1307.jpeg 980w, https:\/\/portugalrental.eu\/wp-content\/uploads\/2024\/07\/fc9c5bcc-3dd7-4085-b8c7-1f5fa4908ce1-480x640.jpeg 480w\" sizes=\"(min-width: 0px) and (max-width: 480px) 480px, (min-width: 481px) and (max-width: 980px) 980px, (min-width: 981px) and (max-width: 1280px) 1280px, (min-width: 1281px) 1440px, 100vw\" class=\"wp-image-22\" \/><span class=\"et_overlay\"><\/span><\/span><\/a><\/div><div class=\"et_pb_image_8 et_pb_image et_pb_has_overlay et_pb_module et_flex_module preset--module--divi-image--6ed8fd5c-62c5-4100-98c3-7b8b6d2c2ee6\"><a href=\"https:\/\/portugalrental.eu\/wp-content\/uploads\/2024\/12\/couloir.jpeg\" class=\"et_pb_lightbox_image\"><span class=\"et_pb_image_wrap\"><img loading=\"lazy\" decoding=\"async\" src=\"https:\/\/portugalrental.eu\/wp-content\/uploads\/2024\/12\/couloir.jpeg\" title=\"couloir\" width=\"1000\" height=\"563\" srcset=\"https:\/\/portugalrental.eu\/wp-content\/uploads\/2024\/12\/couloir.jpeg 1000w, https:\/\/portugalrental.eu\/wp-content\/uploads\/2024\/12\/couloir-980x552.jpeg 980w, https:\/\/portugalrental.eu\/wp-content\/uploads\/2024\/12\/couloir-480x270.jpeg 480w\" sizes=\"(min-width: 0px) and (max-width: 480px) 480px, (min-width: 481px) and (max-width: 980px) 980px, (min-width: 981px) 1000px, 100vw\" class=\"wp-image-169\" \/><span class=\"et_overlay\"><\/span><\/span><\/a><\/div><\/div><\/div><\/div><div class=\"et_pb_section_3 et_pb_section et_section_regular et_flex_section\"><div class=\"et_pb_row_5 et_pb_row et_flex_row preset--module--divi-row--5138c454-be54-4233-bd3b-f8e6a8747976\"><div class=\"et_pb_column_9 et_pb_column et-last-child et_flex_column et_pb_css_mix_blend_mode_passthrough et_flex_column_24_24 et_flex_column_24_24_tablet et_flex_column_24_24_phone preset--module--divi-column--73121f80-a3ef-4484-8763-c3f18e3c56d2\"><div class=\"et_pb_heading_5 et_pb_heading et_pb_module et_flex_module preset--module--divi-heading--f0c675ea-2574-4d0e-b725-30f8550a8550\"><div class=\"et_pb_heading_container\"><h4 class=\"et_pb_module_header\">An Ideal Holiday Retreat<\/h4><\/div><\/div><div class=\"et_pb_heading_6 et_pb_heading et_pb_module et_flex_module preset--module--divi-heading--ba4a6336-701f-47b8-bf5c-09da0ce28016\"><div class=\"et_pb_heading_container\"><h3 class=\"et_pb_module_header\">Discover the perfect home for your holiday in Portugal<\/h3><\/div><\/div><div class=\"et_pb_text_2 et_pb_text et_pb_bg_layout_light et_pb_module et_flex_module preset--module--divi-text--default\"><div class=\"et_pb_text_inner\"><p>Situ\u00e9e au c\u0153ur de Serra d'El Rei, notre maison de vacances est l'endroit r\u00eav\u00e9 pour des vacances inoubliables au Portugal. Profitez de la proximit\u00e9 des commerces et des animations locales tout en b\u00e9n\u00e9ficiant d'un cadre paisible et relaxant. La maison est enti\u00e8rement \u00e9quip\u00e9e pour r\u00e9pondre \u00e0 tous vos besoins, avec une cuisine moderne, des chambres confortables et une salle de bains \u00e9l\u00e9gante.<\/p>\n<p>Le patio ext\u00e9rieur avec barbecue est parfait pour des soir\u00e9es conviviales en famille ou entre amis. Vous pourrez \u00e9galement rester connect\u00e9 gr\u00e2ce au haut d\u00e9bit. \u00c0 seulement 10 minutes de Baleal et des plages de surf de Peniche, notre maison est le point de d\u00e9part id\u00e9al pour explorer les environs. Ne manquez pas la visite de la charmante ville d'\u00d3bidos et profitez de la relative proximit\u00e9 de l'a\u00e9roport de Lisbonne, \u00e0 seulement 50 minutes en voiture.<\/p>\n<p>Whether you\u2019re a surfing enthusiast, a hiking lover, or simply looking to relax, our holiday home will meet all your expectations. Book now to enjoy a unique experience in Portugal.<\/p>\n<\/div><\/div><\/div><\/div><\/div><div class=\"et_pb_section_4 et_pb_section et_section_regular et_flex_section\"><div class=\"et_pb_row_6 et_pb_row et_flex_row preset--module--divi-row--5138c454-be54-4233-bd3b-f8e6a8747976\"><div class=\"et_pb_column_10 et_pb_column et-last-child et_flex_column et_pb_css_mix_blend_mode_passthrough et_flex_column_24_24 et_flex_column_24_24_tablet et_flex_column_24_24_phone preset--module--divi-column--73121f80-a3ef-4484-8763-c3f18e3c56d2\"><div class=\"et_pb_cta_0 et_pb_promo et_pb_bg_layout_light et_pb_module et_flex_module preset--module--divi-cta--4c2ad5d0-871e-414e-a4be-aa9134d4ae8e\"><div class=\"et_pb_promo_description\"><h2 class=\"et_pb_module_header\">Book Your Stay Now<\/h2><div class=\"et_pb_promo_content\"><p>Ne manquez pas l'opportunit\u00e9 de s\u00e9journer dans cette charmante maison de vacances au Portugal. Avec ses \u00e9quipements complets et sa localisation id\u00e9ale, elle est parfaite pour des vacances en famille ou entre amis. Cliquez sur le bouton ci-dessous pour r\u00e9server votre s\u00e9jour et commencer \u00e0 planifier des vacances m\u00e9morables.<\/p>\n<\/div><\/div><div class=\"et_pb_button_wrapper\"><a class=\"et_pb_button et_pb_promo_button\" href=\"#\">Book<\/a><\/div><\/div><\/div><\/div><\/div>","protected":false},"excerpt":{"rendered":"","protected":false},"author":1,"featured_media":0,"parent":0,"menu_order":0,"comment_status":"closed","ping_status":"closed","template":"","meta":{"footnotes":""},"class_list":["post-27","page","type-page","status-publish","hentry"],"_links":{"self":[{"href":"https:\/\/portugalrental.eu\/en\/wp-json\/wp\/v2\/pages\/27","targetHints":{"allow":["GET"]}}],"collection":[{"href":"https:\/\/portugalrental.eu\/en\/wp-json\/wp\/v2\/pages"}],"about":[{"href":"https:\/\/portugalrental.eu\/en\/wp-json\/wp\/v2\/types\/page"}],"author":[{"embeddable":true,"href":"https:\/\/portugalrental.eu\/en\/wp-json\/wp\/v2\/users\/1"}],"replies":[{"embeddable":true,"href":"https:\/\/portugalrental.eu\/en\/wp-json\/wp\/v2\/comments?post=27"}],"version-history":[{"count":6,"href":"https:\/\/portugalrental.eu\/en\/wp-json\/wp\/v2\/pages\/27\/revisions"}],"predecessor-version":[{"id":422,"href":"https:\/\/portugalrental.eu\/en\/wp-json\/wp\/v2\/pages\/27\/revisions\/422"}],"wp:attachment":[{"href":"https:\/\/portugalrental.eu\/en\/wp-json\/wp\/v2\/media?parent=27"}],"curies":[{"name":"wp","href":"https:\/\/api.w.org\/{rel}","templated":true}]}}